{"id":4995,"date":"2020-06-06T18:00:47","date_gmt":"2020-06-06T16:00:47","guid":{"rendered":"https:\/\/basilidebaptiste.com\/new\/?page_id=4995"},"modified":"2024-09-19T12:56:44","modified_gmt":"2024-09-19T10:56:44","slug":"home","status":"publish","type":"page","link":"https:\/\/basilidebaptiste.com\/en\/","title":{"rendered":"HOME"},"content":{"rendered":"<div data-elementor-type=\"wp-page\" data-elementor-id=\"4995\" class=\"elementor elementor-4995\" data-elementor-post-type=\"page\">\n\t\t\t\t\t\t<section class=\"elementor-section elementor-top-section elementor-element elementor-element-40060a3 elementor-section-full_width elementor-section-height-full elementor-section-height-default elementor-section-items-middle qodef-elementor-content-no\" data-id=\"40060a3\" data-element_type=\"section\">\n\t\t\t\t\t\t<div class=\"elementor-container elementor-column-gap-default\">\n\t\t\t\t\t<div class=\"elementor-column elementor-col-100 elementor-top-column elementor-element elementor-element-771f15e\" data-id=\"771f15e\" data-element_type=\"column\">\n\t\t\t<div class=\"elementor-widget-wrap elementor-element-populated\">\n\t\t\t\t\t\t<div class=\"elementor-element elementor-element-4a24d46 elementor-widget elementor-widget-lekker_core_interactive_link_showcase\" data-id=\"4a24d46\" data-element_type=\"widget\" data-widget_type=\"lekker_core_interactive_link_showcase.default\">\n\t\t\t\t<div class=\"elementor-widget-container\">\n\t\t\t<div class=\"qodef-shortcode qodef-m  qodef-interactive-link-showcase qodef-layout--list\" >\n\t<div class=\"qodef-m-items\">\n\t\t\t\t\t<a itemprop=\"url\" class=\"qodef-m-item qodef-e\" href=\"https:\/\/basilidebaptiste.com\/en\/work\/\"\n\t\t\t   target=\"_self\">\n\t\t\t\t<span class=\"qodef-e-title\"\n\t\t\t\t      data-title=\"Work\">Work<\/span>\n\t\t\t<\/a>\n\t\t\t\t\t<a itemprop=\"url\" class=\"qodef-m-item qodef-e\" href=\"https:\/\/basilidebaptiste.com\/en\/photos\/\"\n\t\t\t   target=\"_self\">\n\t\t\t\t<span class=\"qodef-e-title\"\n\t\t\t\t      data-title=\"Photos\">Photos<\/span>\n\t\t\t<\/a>\n\t\t\t\t\t<a itemprop=\"url\" class=\"qodef-m-item qodef-e\" href=\"https:\/\/basilidebaptiste.com\/en\/studio\/\"\n\t\t\t   target=\"_self\">\n\t\t\t\t<span class=\"qodef-e-title\"\n\t\t\t\t      data-title=\"Studio\">Studio<\/span>\n\t\t\t<\/a>\n\t\t\t\t\t<a itemprop=\"url\" class=\"qodef-m-item qodef-e\" href=\"https:\/\/basilidebaptiste.com\/en\/contact\/\"\n\t\t\t   target=\"_self\">\n\t\t\t\t<span class=\"qodef-e-title\"\n\t\t\t\t      data-title=\"Contact\">Contact<\/span>\n\t\t\t<\/a>\n\t\t\t<\/div>\n\t<div class=\"qodef-m-images\">\n\t\t\t\t\t<div class=\"qodef-m-image\" style=\"background-image: url(https:\/\/basilidebaptiste.com\/wp-content\/uploads\/img-home-2023-A.png)\">\n\t\t\t\t<img fetchpriority=\"high\" decoding=\"async\" width=\"1080\" height=\"953\" src=\"https:\/\/basilidebaptiste.com\/wp-content\/uploads\/img-home-2023-A.png\" class=\"attachment-full size-full\" alt=\"\" srcset=\"https:\/\/basilidebaptiste.com\/wp-content\/uploads\/img-home-2023-A.png 1080w, https:\/\/basilidebaptiste.com\/wp-content\/uploads\/img-home-2023-A-300x265.png 300w, https:\/\/basilidebaptiste.com\/wp-content\/uploads\/img-home-2023-A-1024x904.png 1024w, https:\/\/basilidebaptiste.com\/wp-content\/uploads\/img-home-2023-A-768x678.png 768w, https:\/\/basilidebaptiste.com\/wp-content\/uploads\/img-home-2023-A-14x12.png 14w, https:\/\/basilidebaptiste.com\/wp-content\/uploads\/img-home-2023-A-600x529.png 600w\" sizes=\"(max-width: 1080px) 100vw, 1080px\" \/>\t\t\t<\/div>\n\t\t\t\t\t<div class=\"qodef-m-image\" style=\"background-image: url(https:\/\/basilidebaptiste.com\/wp-content\/uploads\/img-home-2023-B.png)\">\n\t\t\t\t<img decoding=\"async\" width=\"1080\" height=\"953\" src=\"https:\/\/basilidebaptiste.com\/wp-content\/uploads\/img-home-2023-B.png\" class=\"attachment-full size-full\" alt=\"\" srcset=\"https:\/\/basilidebaptiste.com\/wp-content\/uploads\/img-home-2023-B.png 1080w, https:\/\/basilidebaptiste.com\/wp-content\/uploads\/img-home-2023-B-300x265.png 300w, https:\/\/basilidebaptiste.com\/wp-content\/uploads\/img-home-2023-B-1024x904.png 1024w, https:\/\/basilidebaptiste.com\/wp-content\/uploads\/img-home-2023-B-768x678.png 768w, https:\/\/basilidebaptiste.com\/wp-content\/uploads\/img-home-2023-B-14x12.png 14w, https:\/\/basilidebaptiste.com\/wp-content\/uploads\/img-home-2023-B-600x529.png 600w\" sizes=\"(max-width: 1080px) 100vw, 1080px\" \/>\t\t\t<\/div>\n\t\t\t\t\t<div class=\"qodef-m-image\" style=\"background-image: url(https:\/\/basilidebaptiste.com\/wp-content\/uploads\/img-home-2023-C.png)\">\n\t\t\t\t<img decoding=\"async\" width=\"1080\" height=\"953\" src=\"https:\/\/basilidebaptiste.com\/wp-content\/uploads\/img-home-2023-C.png\" class=\"attachment-full size-full\" alt=\"\" srcset=\"https:\/\/basilidebaptiste.com\/wp-content\/uploads\/img-home-2023-C.png 1080w, https:\/\/basilidebaptiste.com\/wp-content\/uploads\/img-home-2023-C-300x265.png 300w, https:\/\/basilidebaptiste.com\/wp-content\/uploads\/img-home-2023-C-1024x904.png 1024w, https:\/\/basilidebaptiste.com\/wp-content\/uploads\/img-home-2023-C-768x678.png 768w, https:\/\/basilidebaptiste.com\/wp-content\/uploads\/img-home-2023-C-14x12.png 14w, https:\/\/basilidebaptiste.com\/wp-content\/uploads\/img-home-2023-C-600x529.png 600w\" sizes=\"(max-width: 1080px) 100vw, 1080px\" \/>\t\t\t<\/div>\n\t\t\t\t\t<div class=\"qodef-m-image\" style=\"background-image: url(https:\/\/basilidebaptiste.com\/wp-content\/uploads\/img-home-2023-E.png)\">\n\t\t\t\t<img loading=\"lazy\" decoding=\"async\" width=\"1080\" height=\"953\" src=\"https:\/\/basilidebaptiste.com\/wp-content\/uploads\/img-home-2023-E.png\" class=\"attachment-full size-full\" alt=\"\" srcset=\"https:\/\/basilidebaptiste.com\/wp-content\/uploads\/img-home-2023-E.png 1080w, https:\/\/basilidebaptiste.com\/wp-content\/uploads\/img-home-2023-E-300x265.png 300w, https:\/\/basilidebaptiste.com\/wp-content\/uploads\/img-home-2023-E-1024x904.png 1024w, https:\/\/basilidebaptiste.com\/wp-content\/uploads\/img-home-2023-E-768x678.png 768w, https:\/\/basilidebaptiste.com\/wp-content\/uploads\/img-home-2023-E-14x12.png 14w, https:\/\/basilidebaptiste.com\/wp-content\/uploads\/img-home-2023-E-600x529.png 600w\" sizes=\"(max-width: 1080px) 100vw, 1080px\" \/>\t\t\t<\/div>\n\t\t\t<\/div>\n<\/div>\t\t<\/div>\n\t\t\t\t<\/div>\n\t\t\t\t\t<\/div>\n\t\t<\/div>\n\t\t\t\t\t<\/div>\n\t\t<\/section>\n\t\t\t\t<\/div>","protected":false},"excerpt":{"rendered":"<p>Work Photos Studio Contact<\/p>","protected":false},"author":1,"featured_media":0,"parent":0,"menu_order":1,"comment_status":"closed","ping_status":"closed","template":"page-full-width.php","meta":{"_monsterinsights_skip_tracking":false,"_monsterinsights_sitenote_active":false,"_monsterinsights_sitenote_note":"","_monsterinsights_sitenote_category":0,"footnotes":""},"class_list":["post-4995","page","type-page","status-publish","hentry"],"yoast_head":"<!-- This site is optimized with the Yoast SEO Premium plugin v24.4 (Yoast SEO v24.4) - https:\/\/yoast.com\/wordpress\/plugins\/seo\/ -->\n<title>Basilide Baptiste - Art Director, Motion Designer &amp; Photographer<\/title>\n<meta name=\"description\" content=\"Directeur Artistique freelance \u00e0 Paris, sp\u00e9cialis\u00e9 dans l&#039;identit\u00e9 de marque et la communication visuelle.\" \/>\n<meta name=\"robots\" content=\"index, follow, max-snippet:-1, max-image-preview:large, max-video-preview:-1\" \/>\n<link rel=\"canonical\" href=\"https:\/\/basilidebaptiste.com\/en\/\" \/>\n<meta property=\"og:locale\" content=\"en_US\" \/>\n<meta property=\"og:type\" content=\"article\" \/>\n<meta property=\"og:title\" content=\"Basilide Baptiste\" \/>\n<meta property=\"og:description\" content=\"Directeur Artistique freelance \u00e0 Paris, sp\u00e9cialis\u00e9 dans l&#039;identit\u00e9 de marque et la communication visuelle.\" \/>\n<meta property=\"og:url\" content=\"https:\/\/basilidebaptiste.com\/en\/\" \/>\n<meta property=\"og:site_name\" content=\"BASILIDE BAPTISTE\" \/>\n<meta property=\"article:modified_time\" content=\"2024-09-19T10:56:44+00:00\" \/>\n<meta property=\"og:image\" content=\"https:\/\/basilidebaptiste.com\/wp-content\/uploads\/logo-basilidebaptiste-seo-2023.png\" \/>\n\t<meta property=\"og:image:width\" content=\"1920\" \/>\n\t<meta property=\"og:image:height\" content=\"1080\" \/>\n\t<meta property=\"og:image:type\" content=\"image\/png\" \/>\n<meta name=\"twitter:card\" content=\"summary_large_image\" \/>\n<meta name=\"twitter:title\" content=\"Basilide Baptiste\" \/>\n<meta name=\"twitter:image\" content=\"https:\/\/basilidebaptiste.com\/wp-content\/uploads\/logo-basilidebaptiste-seo-2023.png\" \/>\n<script type=\"application\/ld+json\" class=\"yoast-schema-graph\">{\"@context\":\"https:\/\/schema.org\",\"@graph\":[{\"@type\":\"WebPage\",\"@id\":\"https:\/\/basilidebaptiste.com\/\",\"url\":\"https:\/\/basilidebaptiste.com\/\",\"name\":\"Basilide Baptiste - Art Director, Motion Designer & Photographer\",\"isPartOf\":{\"@id\":\"https:\/\/basilidebaptiste.com\/en\/#website\"},\"primaryImageOfPage\":{\"@id\":\"https:\/\/basilidebaptiste.com\/#primaryimage\"},\"image\":{\"@id\":\"https:\/\/basilidebaptiste.com\/#primaryimage\"},\"thumbnailUrl\":\"https:\/\/basilidebaptiste.com\/wp-content\/uploads\/img-home-2023-A.png\",\"datePublished\":\"2020-06-06T16:00:47+00:00\",\"dateModified\":\"2024-09-19T10:56:44+00:00\",\"description\":\"Directeur Artistique freelance \u00e0 Paris, sp\u00e9cialis\u00e9 dans l'identit\u00e9 de marque et la communication visuelle.\",\"breadcrumb\":{\"@id\":\"https:\/\/basilidebaptiste.com\/#breadcrumb\"},\"inLanguage\":\"en-US\",\"potentialAction\":[{\"@type\":\"ReadAction\",\"target\":[\"https:\/\/basilidebaptiste.com\/\"]}]},{\"@type\":\"ImageObject\",\"inLanguage\":\"en-US\",\"@id\":\"https:\/\/basilidebaptiste.com\/#primaryimage\",\"url\":\"https:\/\/basilidebaptiste.com\/wp-content\/uploads\/img-home-2023-A.png\",\"contentUrl\":\"https:\/\/basilidebaptiste.com\/wp-content\/uploads\/img-home-2023-A.png\"},{\"@type\":\"BreadcrumbList\",\"@id\":\"https:\/\/basilidebaptiste.com\/#breadcrumb\",\"itemListElement\":[{\"@type\":\"ListItem\",\"position\":1,\"name\":\"Accueil\",\"item\":\"https:\/\/basilidebaptiste.com\/\"},{\"@type\":\"ListItem\",\"position\":2,\"name\":\"HOME\"}]},{\"@type\":\"WebSite\",\"@id\":\"https:\/\/basilidebaptiste.com\/en\/#website\",\"url\":\"https:\/\/basilidebaptiste.com\/en\/\",\"name\":\"BASILIDE BAPTISTE\",\"description\":\"\",\"publisher\":{\"@id\":\"https:\/\/basilidebaptiste.com\/en\/#organization\"},\"potentialAction\":[{\"@type\":\"SearchAction\",\"target\":{\"@type\":\"EntryPoint\",\"urlTemplate\":\"https:\/\/basilidebaptiste.com\/en\/?s={search_term_string}\"},\"query-input\":{\"@type\":\"PropertyValueSpecification\",\"valueRequired\":true,\"valueName\":\"search_term_string\"}}],\"inLanguage\":\"en-US\"},{\"@type\":\"Organization\",\"@id\":\"https:\/\/basilidebaptiste.com\/en\/#organization\",\"name\":\"BASILIDE BAPTISTE\",\"url\":\"https:\/\/basilidebaptiste.com\/en\/\",\"logo\":{\"@type\":\"ImageObject\",\"inLanguage\":\"en-US\",\"@id\":\"https:\/\/basilidebaptiste.com\/en\/#\/schema\/logo\/image\/\",\"url\":\"https:\/\/basilidebaptiste.com\/wp-content\/uploads\/logo-basilidebaptiste-seo-2023.png\",\"contentUrl\":\"https:\/\/basilidebaptiste.com\/wp-content\/uploads\/logo-basilidebaptiste-seo-2023.png\",\"width\":1920,\"height\":1080,\"caption\":\"BASILIDE BAPTISTE\"},\"image\":{\"@id\":\"https:\/\/basilidebaptiste.com\/en\/#\/schema\/logo\/image\/\"},\"sameAs\":[\"https:\/\/www.instagram.com\/basilidebaptiste\/\",\"https:\/\/www.linkedin.com\/company\/basilidebaptiste\/\",\"https:\/\/www.pinterest.fr\/basilidebaptiste\/\"]}]}<\/script>\n<!-- \/ Yoast SEO Premium plugin. -->","yoast_head_json":{"title":"Basilide Baptiste - Art Director, Motion Designer & Photographer","description":"Directeur Artistique freelance \u00e0 Paris, sp\u00e9cialis\u00e9 dans l'identit\u00e9 de marque et la communication visuelle.","robots":{"index":"index","follow":"follow","max-snippet":"max-snippet:-1","max-image-preview":"max-image-preview:large","max-video-preview":"max-video-preview:-1"},"canonical":"https:\/\/basilidebaptiste.com\/en\/","og_locale":"en_US","og_type":"article","og_title":"Basilide Baptiste","og_description":"Directeur Artistique freelance \u00e0 Paris, sp\u00e9cialis\u00e9 dans l'identit\u00e9 de marque et la communication visuelle.","og_url":"https:\/\/basilidebaptiste.com\/en\/","og_site_name":"BASILIDE BAPTISTE","article_modified_time":"2024-09-19T10:56:44+00:00","og_image":[{"width":1920,"height":1080,"url":"https:\/\/basilidebaptiste.com\/wp-content\/uploads\/logo-basilidebaptiste-seo-2023.png","type":"image\/png"}],"twitter_card":"summary_large_image","twitter_title":"Basilide Baptiste","twitter_image":"https:\/\/basilidebaptiste.com\/wp-content\/uploads\/logo-basilidebaptiste-seo-2023.png","schema":{"@context":"https:\/\/schema.org","@graph":[{"@type":"WebPage","@id":"https:\/\/basilidebaptiste.com\/","url":"https:\/\/basilidebaptiste.com\/","name":"Basilide Baptiste - Art Director, Motion Designer & Photographer","isPartOf":{"@id":"https:\/\/basilidebaptiste.com\/en\/#website"},"primaryImageOfPage":{"@id":"https:\/\/basilidebaptiste.com\/#primaryimage"},"image":{"@id":"https:\/\/basilidebaptiste.com\/#primaryimage"},"thumbnailUrl":"https:\/\/basilidebaptiste.com\/wp-content\/uploads\/img-home-2023-A.png","datePublished":"2020-06-06T16:00:47+00:00","dateModified":"2024-09-19T10:56:44+00:00","description":"Directeur Artistique freelance \u00e0 Paris, sp\u00e9cialis\u00e9 dans l'identit\u00e9 de marque et la communication visuelle.","breadcrumb":{"@id":"https:\/\/basilidebaptiste.com\/#breadcrumb"},"inLanguage":"en-US","potentialAction":[{"@type":"ReadAction","target":["https:\/\/basilidebaptiste.com\/"]}]},{"@type":"ImageObject","inLanguage":"en-US","@id":"https:\/\/basilidebaptiste.com\/#primaryimage","url":"https:\/\/basilidebaptiste.com\/wp-content\/uploads\/img-home-2023-A.png","contentUrl":"https:\/\/basilidebaptiste.com\/wp-content\/uploads\/img-home-2023-A.png"},{"@type":"BreadcrumbList","@id":"https:\/\/basilidebaptiste.com\/#breadcrumb","itemListElement":[{"@type":"ListItem","position":1,"name":"Accueil","item":"https:\/\/basilidebaptiste.com\/"},{"@type":"ListItem","position":2,"name":"HOME"}]},{"@type":"WebSite","@id":"https:\/\/basilidebaptiste.com\/en\/#website","url":"https:\/\/basilidebaptiste.com\/en\/","name":"BASILIDE BAPTISTE","description":"","publisher":{"@id":"https:\/\/basilidebaptiste.com\/en\/#organization"},"potentialAction":[{"@type":"SearchAction","target":{"@type":"EntryPoint","urlTemplate":"https:\/\/basilidebaptiste.com\/en\/?s={search_term_string}"},"query-input":{"@type":"PropertyValueSpecification","valueRequired":true,"valueName":"search_term_string"}}],"inLanguage":"en-US"},{"@type":"Organization","@id":"https:\/\/basilidebaptiste.com\/en\/#organization","name":"BASILIDE BAPTISTE","url":"https:\/\/basilidebaptiste.com\/en\/","logo":{"@type":"ImageObject","inLanguage":"en-US","@id":"https:\/\/basilidebaptiste.com\/en\/#\/schema\/logo\/image\/","url":"https:\/\/basilidebaptiste.com\/wp-content\/uploads\/logo-basilidebaptiste-seo-2023.png","contentUrl":"https:\/\/basilidebaptiste.com\/wp-content\/uploads\/logo-basilidebaptiste-seo-2023.png","width":1920,"height":1080,"caption":"BASILIDE BAPTISTE"},"image":{"@id":"https:\/\/basilidebaptiste.com\/en\/#\/schema\/logo\/image\/"},"sameAs":["https:\/\/www.instagram.com\/basilidebaptiste\/","https:\/\/www.linkedin.com\/company\/basilidebaptiste\/","https:\/\/www.pinterest.fr\/basilidebaptiste\/"]}]}},"_links":{"self":[{"href":"https:\/\/basilidebaptiste.com\/en\/wp-json\/wp\/v2\/pages\/4995","targetHints":{"allow":["GET"]}}],"collection":[{"href":"https:\/\/basilidebaptiste.com\/en\/wp-json\/wp\/v2\/pages"}],"about":[{"href":"https:\/\/basilidebaptiste.com\/en\/wp-json\/wp\/v2\/types\/page"}],"author":[{"embeddable":true,"href":"https:\/\/basilidebaptiste.com\/en\/wp-json\/wp\/v2\/users\/1"}],"replies":[{"embeddable":true,"href":"https:\/\/basilidebaptiste.com\/en\/wp-json\/wp\/v2\/comments?post=4995"}],"version-history":[{"count":49,"href":"https:\/\/basilidebaptiste.com\/en\/wp-json\/wp\/v2\/pages\/4995\/revisions"}],"predecessor-version":[{"id":8608,"href":"https:\/\/basilidebaptiste.com\/en\/wp-json\/wp\/v2\/pages\/4995\/revisions\/8608"}],"wp:attachment":[{"href":"https:\/\/basilidebaptiste.com\/en\/wp-json\/wp\/v2\/media?parent=4995"}],"curies":[{"name":"wp","href":"https:\/\/api.w.org\/{rel}","templated":true}]}}