{"id":7302,"date":"2022-02-26T20:37:11","date_gmt":"2022-02-26T19:37:11","guid":{"rendered":"https:\/\/basilidebaptiste.com\/?page_id=7302"},"modified":"2025-01-20T22:19:11","modified_gmt":"2025-01-20T21:19:11","slug":"guide-des-tarifs","status":"publish","type":"page","link":"https:\/\/basilidebaptiste.com\/en\/guide-des-tarifs\/","title":{"rendered":"GUIDE DES TARIFS"},"content":{"rendered":"<div data-elementor-type=\"wp-page\" data-elementor-id=\"7302\" class=\"elementor elementor-7302\" data-elementor-post-type=\"page\">\n\t\t\t\t\t\t<section class=\"elementor-section elementor-top-section elementor-element elementor-element-455f497 elementor-section-full_width elementor-section-height-full elementor-section-height-default elementor-section-items-middle qodef-elementor-content-no\" data-id=\"455f497\" data-element_type=\"section\">\n\t\t\t\t\t\t<div class=\"elementor-container elementor-column-gap-no\">\n\t\t\t\t\t<div class=\"elementor-column elementor-col-50 elementor-top-column elementor-element elementor-element-a0674bc elementor-hidden-tablet elementor-hidden-mobile\" data-id=\"a0674bc\" data-element_type=\"column\">\n\t\t\t<div class=\"elementor-widget-wrap elementor-element-populated\">\n\t\t\t\t\t\t<div class=\"elementor-element elementor-element-e548a65 elementor-widget elementor-widget-image\" data-id=\"e548a65\" data-element_type=\"widget\" data-widget_type=\"image.default\">\n\t\t\t\t<div class=\"elementor-widget-container\">\n\t\t\t\t\t\t\t\t\t\t\t\t\t<img fetchpriority=\"high\" decoding=\"async\" width=\"1080\" height=\"953\" src=\"https:\/\/basilidebaptiste.com\/wp-content\/uploads\/img-guide-2023.png\" class=\"attachment-1536x1536 size-1536x1536 wp-image-8238\" alt=\"\" srcset=\"https:\/\/basilidebaptiste.com\/wp-content\/uploads\/img-guide-2023.png 1080w, https:\/\/basilidebaptiste.com\/wp-content\/uploads\/img-guide-2023-300x265.png 300w, https:\/\/basilidebaptiste.com\/wp-content\/uploads\/img-guide-2023-1024x904.png 1024w, https:\/\/basilidebaptiste.com\/wp-content\/uploads\/img-guide-2023-768x678.png 768w, https:\/\/basilidebaptiste.com\/wp-content\/uploads\/img-guide-2023-14x12.png 14w, https:\/\/basilidebaptiste.com\/wp-content\/uploads\/img-guide-2023-600x529.png 600w\" sizes=\"(max-width: 1080px) 100vw, 1080px\" \/>\t\t\t\t\t\t\t\t\t\t\t\t\t<\/div>\n\t\t\t\t<\/div>\n\t\t\t\t\t<\/div>\n\t\t<\/div>\n\t\t\t\t<div class=\"elementor-column elementor-col-50 elementor-top-column elementor-element elementor-element-513e7b6\" data-id=\"513e7b6\" data-element_type=\"column\">\n\t\t\t<div class=\"elementor-widget-wrap elementor-element-populated\">\n\t\t\t\t\t\t<div class=\"elementor-element elementor-element-f59e144 elementor-widget elementor-widget-heading\" data-id=\"f59e144\" data-element_type=\"widget\" data-widget_type=\"heading.default\">\n\t\t\t\t<div class=\"elementor-widget-container\">\n\t\t\t<h2 class=\"elementor-heading-title elementor-size-default\">D\u00e9couvrez mon studio cr\u00e9atif !<\/h2>\t\t<\/div>\n\t\t\t\t<\/div>\n\t\t\t\t<div class=\"elementor-element elementor-element-fbab5e6 elementor-widget elementor-widget-text-editor\" data-id=\"fbab5e6\" data-element_type=\"widget\" data-widget_type=\"text-editor.default\">\n\t\t\t\t<div class=\"elementor-widget-container\">\n\t\t\t\t\t\t\t<p class=\"p1\"><span class=\"s1\">Pour en savoir plus, je vous invite \u00e0 renseigner votre e-mail afin de recevoir le guide de mes prestations &amp; tarifs.\u00a0<\/span><\/p>\t\t\t\t\t\t<\/div>\n\t\t\t\t<\/div>\n\t\t\t\t<div class=\"elementor-element elementor-element-035111d elementor-widget elementor-widget-spacer\" data-id=\"035111d\" data-element_type=\"widget\" data-widget_type=\"spacer.default\">\n\t\t\t\t<div class=\"elementor-widget-container\">\n\t\t\t\t\t<div class=\"elementor-spacer\">\n\t\t\t<div class=\"elementor-spacer-inner\"><\/div>\n\t\t<\/div>\n\t\t\t\t<\/div>\n\t\t\t\t<\/div>\n\t\t\t\t<div class=\"elementor-element elementor-element-b0b8e93 elementor-widget elementor-widget-html\" data-id=\"b0b8e93\" data-element_type=\"widget\" data-widget_type=\"html.default\">\n\t\t\t\t<div class=\"elementor-widget-container\">\n\t\t\t\n<div class=\"wpcf7 no-js\" id=\"wpcf7-f7301-o1\" lang=\"fr-FR\" dir=\"ltr\" data-wpcf7-id=\"7301\">\n<div class=\"screen-reader-response\"><p role=\"status\" aria-live=\"polite\" aria-atomic=\"true\"><\/p> <ul><\/ul><\/div>\n<form action=\"\/en\/wp-json\/wp\/v2\/pages\/7302#wpcf7-f7301-o1\" method=\"post\" class=\"wpcf7-form init\" aria-label=\"Formulaire de contact\" novalidate=\"novalidate\" data-status=\"init\" data-trp-original-action=\"\/en\/wp-json\/wp\/v2\/pages\/7302#wpcf7-f7301-o1\">\n<fieldset class=\"hidden-fields-container\"><input type=\"hidden\" name=\"_wpcf7\" value=\"7301\" \/><input type=\"hidden\" name=\"_wpcf7_version\" value=\"6.1.5\" \/><input type=\"hidden\" name=\"_wpcf7_locale\" value=\"fr_FR\" \/><input type=\"hidden\" name=\"_wpcf7_unit_tag\" value=\"wpcf7-f7301-o1\" \/><input type=\"hidden\" name=\"_wpcf7_container_post\" value=\"0\" \/><input type=\"hidden\" name=\"_wpcf7_posted_data_hash\" value=\"\" \/>\n<\/fieldset>\n<p><label> Your name<br \/>\n<span class=\"wpcf7-form-control-wrap\" data-name=\"Nom\"><input size=\"40\" maxlength=\"400\" class=\"wpcf7-form-control wpcf7-text wpcf7-validates-as-required\" aria-required=\"true\" aria-invalid=\"false\" value=\"\" type=\"text\" name=\"Nom\" \/><\/span> <\/label>\n<\/p>\n<p><label> Your e-mail<br \/>\n<span class=\"wpcf7-form-control-wrap\" data-name=\"email\"><input size=\"40\" maxlength=\"400\" class=\"wpcf7-form-control wpcf7-email wpcf7-validates-as-required wpcf7-text wpcf7-validates-as-email\" aria-required=\"true\" aria-invalid=\"false\" value=\"\" type=\"email\" name=\"email\" \/><\/span> <\/label>\n<\/p>\n<p><span class=\"wpcf7-form-control-wrap bwscaptcha-90\"><p class=\"cptch_block\"><span class=\"cptch_wrap cptch_math_actions\">\n\t\t\t\t<label class=\"cptch_label\" for=\"cptch_input_59\"><span class=\"cptch_span\">8<\/span>\n\t\t\t\t\t<span class=\"cptch_span\">&nbsp;&#43;&nbsp;<\/span>\n\t\t\t\t\t<span class=\"cptch_span\"><input id=\"cptch_input_59\" class=\"cptch_input wpcf7-form-control wpcf7-bwscaptcha\" type=\"text\" autocomplete=\"off\" name=\"bwscaptcha-90\" value=\"\" maxlength=\"2\" size=\"2\" aria-required=\"true\" required=\"required\" style=\"margin-bottom:0;display:inline;font-size: 12px;width: 40px;\" \/><\/span>\n\t\t\t\t\t<span class=\"cptch_span\">&nbsp;=&nbsp;<\/span>\n\t\t\t\t\t<span class=\"cptch_span\">15<\/span>\n\t\t\t\t\t<input type=\"hidden\" name=\"bwscaptcha-90-cptch_result\" value=\"EmQ=\" \/><input type=\"hidden\" name=\"cptch_time\" value=\"1777555158\" \/>\n\t\t\t\t\t<input type=\"hidden\" name=\"cptch_form\" value=\"cf7_contact\" \/>\n\t\t\t\t<\/label><\/span><\/p><\/span><br \/>\n<button class=\"wpcf7-form-control wpcf7-submit qodef-button qodef-size--normal qodef-type--filled qodef-m\" type=\"submit\"><span class=\"qodef-m-text\">Receive the guide<\/span><\/button>\n<\/p><div class=\"wpcf7-response-output\" aria-hidden=\"true\"><\/div>\n<input type=\"hidden\" name=\"trp-form-language\" value=\"en\"\/><\/form>\n<\/div>\n\t\t<\/div>\n\t\t\t\t<\/div>\n\t\t\t\t\t<\/div>\n\t\t<\/div>\n\t\t\t\t\t<\/div>\n\t\t<\/section>\n\t\t\t\t<\/div>","protected":false},"excerpt":{"rendered":"<p>D\u00e9couvrez mon studio cr\u00e9atif ! Pour en savoir plus, je vous invite \u00e0 renseigner votre e-mail afin de recevoir le guide de mes prestations &amp; tarifs.\u00a0<\/p>","protected":false},"author":1,"featured_media":0,"parent":0,"menu_order":7,"comment_status":"closed","ping_status":"closed","template":"page-full-width.php","meta":{"_monsterinsights_skip_tracking":false,"_monsterinsights_sitenote_active":false,"_monsterinsights_sitenote_note":"","_monsterinsights_sitenote_category":0,"footnotes":""},"class_list":["post-7302","page","type-page","status-publish","hentry"],"yoast_head":"<!-- This site is optimized with the Yoast SEO Premium plugin v24.4 (Yoast SEO v24.4) - https:\/\/yoast.com\/wordpress\/plugins\/seo\/ -->\n<title>Basilide Baptiste - Guide des Tarifs<\/title>\n<meta name=\"robots\" content=\"noindex, follow\" \/>\n<meta property=\"og:locale\" content=\"en_US\" \/>\n<meta property=\"og:type\" content=\"article\" \/>\n<meta property=\"og:title\" content=\"Basilide Baptiste - Studio\" \/>\n<meta property=\"og:description\" content=\"D\u00e9couvrez mon studio cr\u00e9atif ! Pour en savoir plus, je vous invite \u00e0 renseigner votre e-mail afin de recevoir le guide de mes prestations &amp; tarifs.\u00a0\" \/>\n<meta property=\"og:url\" content=\"https:\/\/basilidebaptiste.com\/en\/guide-des-tarifs\/\" \/>\n<meta property=\"og:site_name\" content=\"BASILIDE BAPTISTE\" \/>\n<meta property=\"article:modified_time\" content=\"2025-01-20T21:19:11+00:00\" \/>\n<meta property=\"og:image\" content=\"https:\/\/basilidebaptiste.com\/wp-content\/uploads\/logo-basilidebaptiste-seo-2023.png\" \/>\n\t<meta property=\"og:image:width\" content=\"1920\" \/>\n\t<meta property=\"og:image:height\" content=\"1080\" \/>\n\t<meta property=\"og:image:type\" content=\"image\/png\" \/>\n<meta name=\"twitter:card\" content=\"summary_large_image\" \/>\n<meta name=\"twitter:title\" content=\"Basilide Baptiste - Studio\" \/>\n<meta name=\"twitter:image\" content=\"https:\/\/basilidebaptiste.com\/wp-content\/uploads\/logo-basilidebaptiste-seo-2023.png\" \/>\n<script type=\"application\/ld+json\" class=\"yoast-schema-graph\">{\"@context\":\"https:\/\/schema.org\",\"@graph\":[{\"@type\":[\"WebPage\",\"AboutPage\"],\"@id\":\"https:\/\/basilidebaptiste.com\/guide-des-tarifs\/\",\"url\":\"https:\/\/basilidebaptiste.com\/guide-des-tarifs\/\",\"name\":\"Basilide Baptiste - Guide des Tarifs\",\"isPartOf\":{\"@id\":\"https:\/\/basilidebaptiste.com\/en\/#website\"},\"primaryImageOfPage\":{\"@id\":\"https:\/\/basilidebaptiste.com\/guide-des-tarifs\/#primaryimage\"},\"image\":{\"@id\":\"https:\/\/basilidebaptiste.com\/guide-des-tarifs\/#primaryimage\"},\"thumbnailUrl\":\"https:\/\/basilidebaptiste.com\/wp-content\/uploads\/img-guide-2023.png\",\"datePublished\":\"2022-02-26T19:37:11+00:00\",\"dateModified\":\"2025-01-20T21:19:11+00:00\",\"breadcrumb\":{\"@id\":\"https:\/\/basilidebaptiste.com\/guide-des-tarifs\/#breadcrumb\"},\"inLanguage\":\"en-US\",\"potentialAction\":[{\"@type\":\"ReadAction\",\"target\":[\"https:\/\/basilidebaptiste.com\/guide-des-tarifs\/\"]}]},{\"@type\":\"ImageObject\",\"inLanguage\":\"en-US\",\"@id\":\"https:\/\/basilidebaptiste.com\/guide-des-tarifs\/#primaryimage\",\"url\":\"https:\/\/basilidebaptiste.com\/wp-content\/uploads\/img-guide-2023.png\",\"contentUrl\":\"https:\/\/basilidebaptiste.com\/wp-content\/uploads\/img-guide-2023.png\"},{\"@type\":\"BreadcrumbList\",\"@id\":\"https:\/\/basilidebaptiste.com\/guide-des-tarifs\/#breadcrumb\",\"itemListElement\":[{\"@type\":\"ListItem\",\"position\":1,\"name\":\"Accueil\",\"item\":\"https:\/\/basilidebaptiste.com\/\"},{\"@type\":\"ListItem\",\"position\":2,\"name\":\"GUIDE DES TARIFS\"}]},{\"@type\":\"WebSite\",\"@id\":\"https:\/\/basilidebaptiste.com\/en\/#website\",\"url\":\"https:\/\/basilidebaptiste.com\/en\/\",\"name\":\"BASILIDE BAPTISTE\",\"description\":\"\",\"publisher\":{\"@id\":\"https:\/\/basilidebaptiste.com\/en\/#organization\"},\"potentialAction\":[{\"@type\":\"SearchAction\",\"target\":{\"@type\":\"EntryPoint\",\"urlTemplate\":\"https:\/\/basilidebaptiste.com\/en\/?s={search_term_string}\"},\"query-input\":{\"@type\":\"PropertyValueSpecification\",\"valueRequired\":true,\"valueName\":\"search_term_string\"}}],\"inLanguage\":\"en-US\"},{\"@type\":\"Organization\",\"@id\":\"https:\/\/basilidebaptiste.com\/en\/#organization\",\"name\":\"BASILIDE BAPTISTE\",\"url\":\"https:\/\/basilidebaptiste.com\/en\/\",\"logo\":{\"@type\":\"ImageObject\",\"inLanguage\":\"en-US\",\"@id\":\"https:\/\/basilidebaptiste.com\/en\/#\/schema\/logo\/image\/\",\"url\":\"https:\/\/basilidebaptiste.com\/wp-content\/uploads\/logo-basilidebaptiste-seo-2023.png\",\"contentUrl\":\"https:\/\/basilidebaptiste.com\/wp-content\/uploads\/logo-basilidebaptiste-seo-2023.png\",\"width\":1920,\"height\":1080,\"caption\":\"BASILIDE BAPTISTE\"},\"image\":{\"@id\":\"https:\/\/basilidebaptiste.com\/en\/#\/schema\/logo\/image\/\"},\"sameAs\":[\"https:\/\/www.instagram.com\/basilidebaptiste\/\",\"https:\/\/www.linkedin.com\/company\/basilidebaptiste\/\",\"https:\/\/www.pinterest.fr\/basilidebaptiste\/\"]}]}<\/script>\n<!-- \/ Yoast SEO Premium plugin. -->","yoast_head_json":{"title":"Basilide Baptiste - Guide des Tarifs","robots":{"index":"noindex","follow":"follow"},"og_locale":"en_US","og_type":"article","og_title":"Basilide Baptiste - Studio","og_description":"D\u00e9couvrez mon studio cr\u00e9atif ! Pour en savoir plus, je vous invite \u00e0 renseigner votre e-mail afin de recevoir le guide de mes prestations &amp; tarifs.\u00a0","og_url":"https:\/\/basilidebaptiste.com\/en\/guide-des-tarifs\/","og_site_name":"BASILIDE BAPTISTE","article_modified_time":"2025-01-20T21:19:11+00:00","og_image":[{"width":1920,"height":1080,"url":"https:\/\/basilidebaptiste.com\/wp-content\/uploads\/logo-basilidebaptiste-seo-2023.png","type":"image\/png"}],"twitter_card":"summary_large_image","twitter_title":"Basilide Baptiste - Studio","twitter_image":"https:\/\/basilidebaptiste.com\/wp-content\/uploads\/logo-basilidebaptiste-seo-2023.png","schema":{"@context":"https:\/\/schema.org","@graph":[{"@type":["WebPage","AboutPage"],"@id":"https:\/\/basilidebaptiste.com\/guide-des-tarifs\/","url":"https:\/\/basilidebaptiste.com\/guide-des-tarifs\/","name":"Basilide Baptiste - Guide des Tarifs","isPartOf":{"@id":"https:\/\/basilidebaptiste.com\/en\/#website"},"primaryImageOfPage":{"@id":"https:\/\/basilidebaptiste.com\/guide-des-tarifs\/#primaryimage"},"image":{"@id":"https:\/\/basilidebaptiste.com\/guide-des-tarifs\/#primaryimage"},"thumbnailUrl":"https:\/\/basilidebaptiste.com\/wp-content\/uploads\/img-guide-2023.png","datePublished":"2022-02-26T19:37:11+00:00","dateModified":"2025-01-20T21:19:11+00:00","breadcrumb":{"@id":"https:\/\/basilidebaptiste.com\/guide-des-tarifs\/#breadcrumb"},"inLanguage":"en-US","potentialAction":[{"@type":"ReadAction","target":["https:\/\/basilidebaptiste.com\/guide-des-tarifs\/"]}]},{"@type":"ImageObject","inLanguage":"en-US","@id":"https:\/\/basilidebaptiste.com\/guide-des-tarifs\/#primaryimage","url":"https:\/\/basilidebaptiste.com\/wp-content\/uploads\/img-guide-2023.png","contentUrl":"https:\/\/basilidebaptiste.com\/wp-content\/uploads\/img-guide-2023.png"},{"@type":"BreadcrumbList","@id":"https:\/\/basilidebaptiste.com\/guide-des-tarifs\/#breadcrumb","itemListElement":[{"@type":"ListItem","position":1,"name":"Accueil","item":"https:\/\/basilidebaptiste.com\/"},{"@type":"ListItem","position":2,"name":"GUIDE DES TARIFS"}]},{"@type":"WebSite","@id":"https:\/\/basilidebaptiste.com\/en\/#website","url":"https:\/\/basilidebaptiste.com\/en\/","name":"BASILIDE BAPTISTE","description":"","publisher":{"@id":"https:\/\/basilidebaptiste.com\/en\/#organization"},"potentialAction":[{"@type":"SearchAction","target":{"@type":"EntryPoint","urlTemplate":"https:\/\/basilidebaptiste.com\/en\/?s={search_term_string}"},"query-input":{"@type":"PropertyValueSpecification","valueRequired":true,"valueName":"search_term_string"}}],"inLanguage":"en-US"},{"@type":"Organization","@id":"https:\/\/basilidebaptiste.com\/en\/#organization","name":"BASILIDE BAPTISTE","url":"https:\/\/basilidebaptiste.com\/en\/","logo":{"@type":"ImageObject","inLanguage":"en-US","@id":"https:\/\/basilidebaptiste.com\/en\/#\/schema\/logo\/image\/","url":"https:\/\/basilidebaptiste.com\/wp-content\/uploads\/logo-basilidebaptiste-seo-2023.png","contentUrl":"https:\/\/basilidebaptiste.com\/wp-content\/uploads\/logo-basilidebaptiste-seo-2023.png","width":1920,"height":1080,"caption":"BASILIDE BAPTISTE"},"image":{"@id":"https:\/\/basilidebaptiste.com\/en\/#\/schema\/logo\/image\/"},"sameAs":["https:\/\/www.instagram.com\/basilidebaptiste\/","https:\/\/www.linkedin.com\/company\/basilidebaptiste\/","https:\/\/www.pinterest.fr\/basilidebaptiste\/"]}]}},"_links":{"self":[{"href":"https:\/\/basilidebaptiste.com\/en\/wp-json\/wp\/v2\/pages\/7302","targetHints":{"allow":["GET"]}}],"collection":[{"href":"https:\/\/basilidebaptiste.com\/en\/wp-json\/wp\/v2\/pages"}],"about":[{"href":"https:\/\/basilidebaptiste.com\/en\/wp-json\/wp\/v2\/types\/page"}],"author":[{"embeddable":true,"href":"https:\/\/basilidebaptiste.com\/en\/wp-json\/wp\/v2\/users\/1"}],"replies":[{"embeddable":true,"href":"https:\/\/basilidebaptiste.com\/en\/wp-json\/wp\/v2\/comments?post=7302"}],"version-history":[{"count":170,"href":"https:\/\/basilidebaptiste.com\/en\/wp-json\/wp\/v2\/pages\/7302\/revisions"}],"predecessor-version":[{"id":8241,"href":"https:\/\/basilidebaptiste.com\/en\/wp-json\/wp\/v2\/pages\/7302\/revisions\/8241"}],"wp:attachment":[{"href":"https:\/\/basilidebaptiste.com\/en\/wp-json\/wp\/v2\/media?parent=7302"}],"curies":[{"name":"wp","href":"https:\/\/api.w.org\/{rel}","templated":true}]}}